{"id":1262,"date":"2022-03-25T23:34:46","date_gmt":"2022-03-25T23:34:46","guid":{"rendered":"https:\/\/brindarse.org\/home\/?page_id=1262"},"modified":"2025-06-09T04:27:20","modified_gmt":"2025-06-09T04:27:20","slug":"actividades","status":"publish","type":"page","link":"https:\/\/brindarse.org\/home\/actividades\/","title":{"rendered":"Actividades"},"content":{"rendered":"\t\t<div data-elementor-type=\"wp-page\" data-elementor-id=\"1262\" class=\"elementor elementor-1262\">\n\t\t\t\t\t\t<section class=\"elementor-section elementor-top-section elementor-element elementor-element-1fae2fb elementor-section-boxed elementor-section-height-default elementor-section-height-default\" data-id=\"1fae2fb\" data-element_type=\"section\" data-e-type=\"section\">\n\t\t\t\t\t\t<div class=\"elementor-container elementor-column-gap-default\">\n\t\t\t\t\t<div class=\"elementor-column elementor-col-100 elementor-top-column elementor-element elementor-element-46caf38\" data-id=\"46caf38\" data-element_type=\"column\" data-e-type=\"column\">\n\t\t\t<div class=\"elementor-widget-wrap elementor-element-populated\">\n\t\t\t\t\t\t<div class=\"elementor-element elementor-element-542a469 elementor-widget elementor-widget-heading\" data-id=\"542a469\" data-element_type=\"widget\" data-e-type=\"widget\" data-widget_type=\"heading.default\">\n\t\t\t\t<div class=\"elementor-widget-container\">\n\t\t\t\t\t<h2 class=\"elementor-heading-title elementor-size-default\">Conoc\u00e9 nuestras actividades y acciones integrales <\/h2>\t\t\t\t<\/div>\n\t\t\t\t<\/div>\n\t\t\t\t\t<\/div>\n\t\t<\/div>\n\t\t\t\t\t<\/div>\n\t\t<\/section>\n\t\t\t\t<section class=\"elementor-section elementor-top-section elementor-element elementor-element-4d16045 elementor-section-boxed elementor-section-height-default elementor-section-height-default\" data-id=\"4d16045\" data-element_type=\"section\" data-e-type=\"section\">\n\t\t\t\t\t\t<div class=\"elementor-container elementor-column-gap-default\">\n\t\t\t\t\t<div class=\"elementor-column elementor-col-50 elementor-top-column elementor-element elementor-element-08f0792\" data-id=\"08f0792\" data-element_type=\"column\" data-e-type=\"column\">\n\t\t\t<div class=\"elementor-widget-wrap elementor-element-populated\">\n\t\t\t\t\t\t<div class=\"elementor-element elementor-element-ce8c326 elementor-widget elementor-widget-text-editor\" data-id=\"ce8c326\" data-element_type=\"widget\" data-e-type=\"widget\" data-widget_type=\"text-editor.default\">\n\t\t\t\t<div class=\"elementor-widget-container\">\n\t\t\t\t\t\t\t\t\t<p data-start=\"499\" data-end=\"796\">Dios es fiel. A lo largo del tiempo, llevamos adelante diversas actividades para acompa\u00f1ar integralmente a ni\u00f1os, ni\u00f1as, adolescentes, j\u00f3venes y sus familias.<br data-start=\"624\" data-end=\"627\" \/>Pod\u00e9s ver gran parte lo que hicimos seleccionando en el men\u00fa lateral.<br data-start=\"695\" data-end=\"698\" \/>\u00a1Cada historia refleja el caracter del Se\u00f1or y su gracia. Agradecemos a los hermanos voluntarios por el compromiso, el amor y el apoyo!\u00a0<\/p><p data-start=\"800\" data-end=\"865\">Te invitamos a conocerlas y a ser parte de esta misi\u00f3n solidaria.<\/p>\t\t\t\t\t\t\t\t<\/div>\n\t\t\t\t<\/div>\n\t\t\t\t<div class=\"elementor-element elementor-element-f6c39bf elementor-widget elementor-widget-image\" data-id=\"f6c39bf\" data-element_type=\"widget\" data-e-type=\"widget\" data-widget_type=\"image.default\">\n\t\t\t\t<div class=\"elementor-widget-container\">\n\t\t\t\t\t\t\t\t\t\t\t\t\t\t\t<img decoding=\"async\" src=\"https:\/\/brindarse.org\/home\/wp-content\/uploads\/elementor\/thumbs\/Imagen-de-WhatsApp-2023-04-15-a-las-23.45.38cvb-q5hi7pd4hbc44uc0bp7py0vl1v5c93pu9kjat8yi1c.jpg\" title=\"Imagen de WhatsApp 2023-04-15 a las 23.45.38cvb\" alt=\"Imagen de WhatsApp 2023-04-15 a las 23.45.38cvb\" loading=\"lazy\" \/>\t\t\t\t\t\t\t\t\t\t\t\t\t\t\t<\/div>\n\t\t\t\t<\/div>\n\t\t\t\t\t<\/div>\n\t\t<\/div>\n\t\t\t\t<div class=\"elementor-column elementor-col-50 elementor-top-column elementor-element elementor-element-119b608\" data-id=\"119b608\" data-element_type=\"column\" data-e-type=\"column\">\n\t\t\t<div class=\"elementor-widget-wrap elementor-element-populated\">\n\t\t\t\t\t\t<div class=\"elementor-element elementor-element-f6da1d2 elementor-widget elementor-widget-sidebar\" data-id=\"f6da1d2\" data-element_type=\"widget\" data-e-type=\"widget\" data-widget_type=\"sidebar.default\">\n\t\t\t\t<div class=\"elementor-widget-container\">\n\t\t\t\t\t<form role=\"search\" method=\"get\" class=\"search-form\" action=\"https:\/\/brindarse.org\/home\/\">\r\n\t<label>\r\n\t\t<input type=\"search\" class=\"search-field\" placeholder=\"Search...\" value=\"\" name=\"s\">\r\n\t<\/label>\r\n\t<input type=\"submit\" class=\"search-submit\" value=\"Search\">\r\n<\/form>\r\n<\/aside><h3 class=\"widget-title titleborder\"><span>Archivo<\/span><\/h3><aside id=\"%1$s\" class=\"widget %2$s\">\n\t\t\t<ul>\n\t\t\t\t\t<li><a href='https:\/\/brindarse.org\/home\/2025\/04\/'>abril 2025<\/a>&nbsp;(2)<\/li>\n\t<li><a href='https:\/\/brindarse.org\/home\/2024\/04\/'>abril 2024<\/a>&nbsp;(2)<\/li>\n\t<li><a href='https:\/\/brindarse.org\/home\/2023\/06\/'>junio 2023<\/a>&nbsp;(2)<\/li>\n\t<li><a href='https:\/\/brindarse.org\/home\/2023\/04\/'>abril 2023<\/a>&nbsp;(1)<\/li>\n\t<li><a href='https:\/\/brindarse.org\/home\/2021\/08\/'>agosto 2021<\/a>&nbsp;(1)<\/li>\n\t<li><a href='https:\/\/brindarse.org\/home\/2021\/06\/'>junio 2021<\/a>&nbsp;(1)<\/li>\n\t<li><a href='https:\/\/brindarse.org\/home\/2021\/02\/'>febrero 2021<\/a>&nbsp;(2)<\/li>\n\t<li><a href='https:\/\/brindarse.org\/home\/2020\/12\/'>diciembre 2020<\/a>&nbsp;(2)<\/li>\n\t<li><a href='https:\/\/brindarse.org\/home\/2020\/11\/'>noviembre 2020<\/a>&nbsp;(1)<\/li>\n\t<li><a href='https:\/\/brindarse.org\/home\/2020\/10\/'>octubre 2020<\/a>&nbsp;(2)<\/li>\n\t\t\t<\/ul>\n\n\t\t\t<\/aside>\t\t\t\t<\/div>\n\t\t\t\t<\/div>\n\t\t\t\t\t<\/div>\n\t\t<\/div>\n\t\t\t\t\t<\/div>\n\t\t<\/section>\n\t\t\t\t<section class=\"elementor-section elementor-top-section elementor-element elementor-element-47cc98d elementor-section-boxed elementor-section-height-default elementor-section-height-default\" data-id=\"47cc98d\" data-element_type=\"section\" data-e-type=\"section\">\n\t\t\t\t\t\t<div class=\"elementor-container elementor-column-gap-default\">\n\t\t\t\t\t<div class=\"elementor-column elementor-col-100 elementor-top-column elementor-element elementor-element-1fd7ea3\" data-id=\"1fd7ea3\" data-element_type=\"column\" data-e-type=\"column\">\n\t\t\t<div class=\"elementor-widget-wrap\">\n\t\t\t\t\t\t\t<\/div>\n\t\t<\/div>\n\t\t\t\t\t<\/div>\n\t\t<\/section>\n\t\t\t\t<\/div>\n\t\t","protected":false},"excerpt":{"rendered":"<p>Conoc\u00e9 nuestras actividades y acciones integrales Dios es fiel. A lo largo del tiempo, llevamos adelante diversas actividades para [&hellip;]<\/p>\n","protected":false},"author":2,"featured_media":0,"parent":0,"menu_order":0,"comment_status":"closed","ping_status":"closed","template":"","meta":{"_joinchat":[],"footnotes":""},"class_list":["post-1262","page","type-page","status-publish","hentry"],"_links":{"self":[{"href":"https:\/\/brindarse.org\/home\/wp-json\/wp\/v2\/pages\/1262","targetHints":{"allow":["GET"]}}],"collection":[{"href":"https:\/\/brindarse.org\/home\/wp-json\/wp\/v2\/pages"}],"about":[{"href":"https:\/\/brindarse.org\/home\/wp-json\/wp\/v2\/types\/page"}],"author":[{"embeddable":true,"href":"https:\/\/brindarse.org\/home\/wp-json\/wp\/v2\/users\/2"}],"replies":[{"embeddable":true,"href":"https:\/\/brindarse.org\/home\/wp-json\/wp\/v2\/comments?post=1262"}],"version-history":[{"count":10,"href":"https:\/\/brindarse.org\/home\/wp-json\/wp\/v2\/pages\/1262\/revisions"}],"predecessor-version":[{"id":1445,"href":"https:\/\/brindarse.org\/home\/wp-json\/wp\/v2\/pages\/1262\/revisions\/1445"}],"wp:attachment":[{"href":"https:\/\/brindarse.org\/home\/wp-json\/wp\/v2\/media?parent=1262"}],"curies":[{"name":"wp","href":"https:\/\/api.w.org\/{rel}","templated":true}]}}